{"id":1015,"date":"2021-05-10T14:30:24","date_gmt":"2021-05-10T18:30:24","guid":{"rendered":"https:\/\/parcdessommets.com\/contact\/"},"modified":"2021-05-10T14:30:24","modified_gmt":"2021-05-10T18:30:24","slug":"contact","status":"publish","type":"page","link":"https:\/\/parcdessommets.com\/en\/contact\/","title":{"rendered":"Contact"},"content":{"rendered":"","protected":false},"excerpt":{"rendered":"","protected":false},"author":1,"featured_media":0,"parent":0,"menu_order":0,"comment_status":"closed","ping_status":"closed","template":"template-contact.php","meta":{"_acf_changed":false,"_price":"","_stock":"","_tribe_ticket_header":"","_tribe_default_ticket_provider":"","_tribe_ticket_capacity":"0","_ticket_start_date":"","_ticket_end_date":"","_tribe_ticket_show_description":"","_tribe_ticket_show_not_going":false,"_tribe_ticket_use_global_stock":"","_tribe_ticket_global_stock_level":"","_global_stock_mode":"","_global_stock_cap":"","_tribe_rsvp_for_event":"","_tribe_ticket_going_count":"","_tribe_ticket_not_going_count":"","_tribe_tickets_list":"[]","_tribe_ticket_has_attendee_info_fields":false,"footnotes":""},"class_list":["post-1015","page","type-page","status-publish","hentry"],"acf":[],"yoast_head":"<!-- This site is optimized with the Yoast SEO plugin v22.3 - https:\/\/yoast.com\/wordpress\/plugins\/seo\/ -->\n<title>Contact - Parc des sommets<\/title>\n<meta name=\"description\" content=\"Communiquez avec l&#039;\u00e9quipe du Parc des Sommets de Bromont. Profitez de sentiers am\u00e9nag\u00e9s \u00e0 travers des zones de conservations riches en biodiversit\u00e9.\" \/>\n<meta name=\"robots\" content=\"index, follow, max-snippet:-1, max-image-preview:large, max-video-preview:-1\" \/>\n<link rel=\"canonical\" href=\"https:\/\/parcdessommets.com\/en\/contact\/\" \/>\n<meta property=\"og:locale\" content=\"en_US\" \/>\n<meta property=\"og:type\" content=\"article\" \/>\n<meta property=\"og:title\" content=\"Contact - Parc des sommets\" \/>\n<meta property=\"og:description\" content=\"Communiquez avec l&#039;\u00e9quipe du Parc des Sommets de Bromont. Profitez de sentiers am\u00e9nag\u00e9s \u00e0 travers des zones de conservations riches en biodiversit\u00e9.\" \/>\n<meta property=\"og:url\" content=\"https:\/\/parcdessommets.com\/en\/contact\/\" \/>\n<meta property=\"og:site_name\" content=\"Parc des sommets\" \/>\n<meta name=\"twitter:card\" content=\"summary_large_image\" \/>\n<script type=\"application\/ld+json\" class=\"yoast-schema-graph\">{\"@context\":\"https:\/\/schema.org\",\"@graph\":[{\"@type\":\"WebPage\",\"@id\":\"https:\/\/parcdessommets.com\/en\/contact\/\",\"url\":\"https:\/\/parcdessommets.com\/en\/contact\/\",\"name\":\"Contact - Parc des sommets\",\"isPartOf\":{\"@id\":\"https:\/\/parcdessommets.com\/en\/#website\"},\"datePublished\":\"2021-05-10T18:30:24+00:00\",\"dateModified\":\"2021-05-10T18:30:24+00:00\",\"description\":\"Communiquez avec l'\u00e9quipe du Parc des Sommets de Bromont. Profitez de sentiers am\u00e9nag\u00e9s \u00e0 travers des zones de conservations riches en biodiversit\u00e9.\",\"breadcrumb\":{\"@id\":\"https:\/\/parcdessommets.com\/en\/contact\/#breadcrumb\"},\"inLanguage\":\"en-US\",\"potentialAction\":[{\"@type\":\"ReadAction\",\"target\":[\"https:\/\/parcdessommets.com\/en\/contact\/\"]}]},{\"@type\":\"BreadcrumbList\",\"@id\":\"https:\/\/parcdessommets.com\/en\/contact\/#breadcrumb\",\"itemListElement\":[{\"@type\":\"ListItem\",\"position\":1,\"name\":\"Accueil\",\"item\":\"https:\/\/parcdessommets.com\/en\/\"},{\"@type\":\"ListItem\",\"position\":2,\"name\":\"Contact\"}]},{\"@type\":\"WebSite\",\"@id\":\"https:\/\/parcdessommets.com\/en\/#website\",\"url\":\"https:\/\/parcdessommets.com\/en\/\",\"name\":\"Parc des sommets\",\"description\":\"Sentiers Bromont - Location Billetterie Boutique\",\"potentialAction\":[{\"@type\":\"SearchAction\",\"target\":{\"@type\":\"EntryPoint\",\"urlTemplate\":\"https:\/\/parcdessommets.com\/en\/?s={search_term_string}\"},\"query-input\":\"required name=search_term_string\"}],\"inLanguage\":\"en-US\"}]}<\/script>\n<!-- \/ Yoast SEO plugin. -->","yoast_head_json":{"title":"Contact - Parc des sommets","description":"Communiquez avec l'\u00e9quipe du Parc des Sommets de Bromont. Profitez de sentiers am\u00e9nag\u00e9s \u00e0 travers des zones de conservations riches en biodiversit\u00e9.","robots":{"index":"index","follow":"follow","max-snippet":"max-snippet:-1","max-image-preview":"max-image-preview:large","max-video-preview":"max-video-preview:-1"},"canonical":"https:\/\/parcdessommets.com\/en\/contact\/","og_locale":"en_US","og_type":"article","og_title":"Contact - Parc des sommets","og_description":"Communiquez avec l'\u00e9quipe du Parc des Sommets de Bromont. Profitez de sentiers am\u00e9nag\u00e9s \u00e0 travers des zones de conservations riches en biodiversit\u00e9.","og_url":"https:\/\/parcdessommets.com\/en\/contact\/","og_site_name":"Parc des sommets","twitter_card":"summary_large_image","schema":{"@context":"https:\/\/schema.org","@graph":[{"@type":"WebPage","@id":"https:\/\/parcdessommets.com\/en\/contact\/","url":"https:\/\/parcdessommets.com\/en\/contact\/","name":"Contact - Parc des sommets","isPartOf":{"@id":"https:\/\/parcdessommets.com\/en\/#website"},"datePublished":"2021-05-10T18:30:24+00:00","dateModified":"2021-05-10T18:30:24+00:00","description":"Communiquez avec l'\u00e9quipe du Parc des Sommets de Bromont. Profitez de sentiers am\u00e9nag\u00e9s \u00e0 travers des zones de conservations riches en biodiversit\u00e9.","breadcrumb":{"@id":"https:\/\/parcdessommets.com\/en\/contact\/#breadcrumb"},"inLanguage":"en-US","potentialAction":[{"@type":"ReadAction","target":["https:\/\/parcdessommets.com\/en\/contact\/"]}]},{"@type":"BreadcrumbList","@id":"https:\/\/parcdessommets.com\/en\/contact\/#breadcrumb","itemListElement":[{"@type":"ListItem","position":1,"name":"Accueil","item":"https:\/\/parcdessommets.com\/en\/"},{"@type":"ListItem","position":2,"name":"Contact"}]},{"@type":"WebSite","@id":"https:\/\/parcdessommets.com\/en\/#website","url":"https:\/\/parcdessommets.com\/en\/","name":"Parc des sommets","description":"Sentiers Bromont - Location Billetterie Boutique","potentialAction":[{"@type":"SearchAction","target":{"@type":"EntryPoint","urlTemplate":"https:\/\/parcdessommets.com\/en\/?s={search_term_string}"},"query-input":"required name=search_term_string"}],"inLanguage":"en-US"}]}},"ticketed":false,"_links":{"self":[{"href":"https:\/\/parcdessommets.com\/en\/wp-json\/wp\/v2\/pages\/1015","targetHints":{"allow":["GET"]}}],"collection":[{"href":"https:\/\/parcdessommets.com\/en\/wp-json\/wp\/v2\/pages"}],"about":[{"href":"https:\/\/parcdessommets.com\/en\/wp-json\/wp\/v2\/types\/page"}],"author":[{"embeddable":true,"href":"https:\/\/parcdessommets.com\/en\/wp-json\/wp\/v2\/users\/1"}],"replies":[{"embeddable":true,"href":"https:\/\/parcdessommets.com\/en\/wp-json\/wp\/v2\/comments?post=1015"}],"version-history":[{"count":0,"href":"https:\/\/parcdessommets.com\/en\/wp-json\/wp\/v2\/pages\/1015\/revisions"}],"wp:attachment":[{"href":"https:\/\/parcdessommets.com\/en\/wp-json\/wp\/v2\/media?parent=1015"}],"curies":[{"name":"wp","href":"https:\/\/api.w.org\/{rel}","templated":true}]}}